{"id":580,"date":"2018-03-06T20:43:59","date_gmt":"2018-03-07T00:43:59","guid":{"rendered":"http:\/\/gadbellavista.gob.ec\/manabi\/?page_id=580"},"modified":"2018-07-25T13:27:55","modified_gmt":"2018-07-25T17:27:55","slug":"rendicion-de-cuentas-2018","status":"publish","type":"page","link":"https:\/\/gadbellavista.gob.ec\/manabi\/rendicion-de-cuentas-2018\/","title":{"rendered":"Rendici\u00f3n de Cuentas 2018"},"content":{"rendered":"<p><a href=\"http:\/\/gadbellavista.gob.ec\/manabi\/wp-content\/uploads\/2018\/03\/informe-defensoria-del-pueblo.pdf\">informe defensoria del pueblo<\/a><\/p>\n<p><a href=\"http:\/\/gadbellavista.gob.ec\/manabi\/wp-content\/uploads\/2018\/03\/DOCUMENTO-FINAL-PDyOT-BELLAVISTA-y-Matrix-con-Resoluciones-1.pdf\">DOCUMENTO FINAL PDyOT BELLAVISTA y Matrix con Resoluciones (1)<\/a><\/p>\n<p>Reuni\u00f3n del concejo de planificaci\u00f3n local para el proceso de rendici\u00f3n de cuentas y alineaci\u00f3n del PDyOT al plan nacional Toda una Vida.<\/p>\n\n\t\t<style type=\"text\/css\">\n\t\t\t#gallery-1 {\n\t\t\t\tmargin: auto;\n\t\t\t}\n\t\t\t#gallery-1 .gallery-item {\n\t\t\t\tfloat: left;\n\t\t\t\tmargin-top: 10px;\n\t\t\t\ttext-align: center;\n\t\t\t\twidth: 33%;\n\t\t\t}\n\t\t\t#gallery-1 img {\n\t\t\t\tborder: 2px solid #cfcfcf;\n\t\t\t}\n\t\t\t#gallery-1 .gallery-caption {\n\t\t\t\tmargin-left: 0;\n\t\t\t}\n\t\t\t\/* see gallery_shortcode() in wp-includes\/media.php *\/\n\t\t<\/style>\n\t\t<div data-carousel-extra='{\"blog_id\":1,\"permalink\":\"https:\\\/\\\/gadbellavista.gob.ec\\\/manabi\\\/rendicion-de-cuentas-2018\\\/\"}' id='gallery-1' class='gallery galleryid-580 gallery-columns-3 gallery-size-thumbnail'><dl class='gallery-item'>\n\t\t\t<dt class='gallery-icon landscape'>\n\t\t\t\t<a href='https:\/\/gadbellavista.gob.ec\/manabi\/wp-content\/uploads\/2018\/03\/WhatsApp-Image-2018-03-22-at-08.36.47-copia.jpeg'><img loading=\"lazy\" decoding=\"async\" data-attachment-id=\"594\" data-orig-file=\"https:\/\/gadbellavista.gob.ec\/manabi\/wp-content\/uploads\/2018\/03\/WhatsApp-Image-2018-03-22-at-08.36.47-copia.jpeg\" data-orig-size=\"1032,774\" data-comments-opened=\"0\" data-image-meta=\"{&quot;aperture&quot;:&quot;0&quot;,&quot;credit&quot;:&quot;&quot;,&quot;camera&quot;:&quot;&quot;,&quot;caption&quot;:&quot;&quot;,&quot;created_timestamp&quot;:&quot;0&quot;,&quot;copyright&quot;:&quot;&quot;,&quot;focal_length&quot;:&quot;0&quot;,&quot;iso&quot;:&quot;0&quot;,&quot;shutter_speed&quot;:&quot;0&quot;,&quot;title&quot;:&quot;&quot;,&quot;orientation&quot;:&quot;0&quot;,&quot;keywords&quot;:&quot;Array&quot;}\" data-image-title=\"WhatsApp Image 2018-03-22 at 08.36.47 &#8211; copia\" data-image-description=\"\" data-medium-file=\"https:\/\/gadbellavista.gob.ec\/manabi\/wp-content\/uploads\/2018\/03\/WhatsApp-Image-2018-03-22-at-08.36.47-copia-550x413.jpeg\" data-large-file=\"https:\/\/gadbellavista.gob.ec\/manabi\/wp-content\/uploads\/2018\/03\/WhatsApp-Image-2018-03-22-at-08.36.47-copia-1024x768.jpeg\" width=\"150\" height=\"150\" src=\"https:\/\/gadbellavista.gob.ec\/manabi\/wp-content\/uploads\/2018\/03\/WhatsApp-Image-2018-03-22-at-08.36.47-copia-150x150.jpeg\" class=\"attachment-thumbnail size-thumbnail\" alt=\"\" srcset=\"https:\/\/gadbellavista.gob.ec\/manabi\/wp-content\/uploads\/2018\/03\/WhatsApp-Image-2018-03-22-at-08.36.47-copia-150x150.jpeg 150w, https:\/\/gadbellavista.gob.ec\/manabi\/wp-content\/uploads\/2018\/03\/WhatsApp-Image-2018-03-22-at-08.36.47-copia-180x180.jpeg 180w\" sizes=\"auto, (max-width: 150px) 100vw, 150px\" \/><\/a>\n\t\t\t<\/dt><\/dl><dl class='gallery-item'>\n\t\t\t<dt class='gallery-icon landscape'>\n\t\t\t\t<a href='https:\/\/gadbellavista.gob.ec\/manabi\/wp-content\/uploads\/2018\/03\/WhatsApp-Image-2018-03-22-at-08.36.47.jpeg'><img loading=\"lazy\" decoding=\"async\" data-attachment-id=\"595\" data-orig-file=\"https:\/\/gadbellavista.gob.ec\/manabi\/wp-content\/uploads\/2018\/03\/WhatsApp-Image-2018-03-22-at-08.36.47.jpeg\" data-orig-size=\"1032,774\" data-comments-opened=\"0\" data-image-meta=\"{&quot;aperture&quot;:&quot;0&quot;,&quot;credit&quot;:&quot;&quot;,&quot;camera&quot;:&quot;&quot;,&quot;caption&quot;:&quot;&quot;,&quot;created_timestamp&quot;:&quot;0&quot;,&quot;copyright&quot;:&quot;&quot;,&quot;focal_length&quot;:&quot;0&quot;,&quot;iso&quot;:&quot;0&quot;,&quot;shutter_speed&quot;:&quot;0&quot;,&quot;title&quot;:&quot;&quot;,&quot;orientation&quot;:&quot;0&quot;,&quot;keywords&quot;:&quot;Array&quot;}\" data-image-title=\"WhatsApp Image 2018-03-22 at 08.36.47\" data-image-description=\"\" data-medium-file=\"https:\/\/gadbellavista.gob.ec\/manabi\/wp-content\/uploads\/2018\/03\/WhatsApp-Image-2018-03-22-at-08.36.47-550x413.jpeg\" data-large-file=\"https:\/\/gadbellavista.gob.ec\/manabi\/wp-content\/uploads\/2018\/03\/WhatsApp-Image-2018-03-22-at-08.36.47-1024x768.jpeg\" width=\"150\" height=\"150\" src=\"https:\/\/gadbellavista.gob.ec\/manabi\/wp-content\/uploads\/2018\/03\/WhatsApp-Image-2018-03-22-at-08.36.47-150x150.jpeg\" class=\"attachment-thumbnail size-thumbnail\" alt=\"\" srcset=\"https:\/\/gadbellavista.gob.ec\/manabi\/wp-content\/uploads\/2018\/03\/WhatsApp-Image-2018-03-22-at-08.36.47-150x150.jpeg 150w, https:\/\/gadbellavista.gob.ec\/manabi\/wp-content\/uploads\/2018\/03\/WhatsApp-Image-2018-03-22-at-08.36.47-180x180.jpeg 180w\" sizes=\"auto, (max-width: 150px) 100vw, 150px\" \/><\/a>\n\t\t\t<\/dt><\/dl><dl class='gallery-item'>\n\t\t\t<dt class='gallery-icon landscape'>\n\t\t\t\t<a href='https:\/\/gadbellavista.gob.ec\/manabi\/wp-content\/uploads\/2018\/03\/WhatsApp-Image-2018-03-22-at-08.36.52.jpeg'><img loading=\"lazy\" decoding=\"async\" data-attachment-id=\"596\" data-orig-file=\"https:\/\/gadbellavista.gob.ec\/manabi\/wp-content\/uploads\/2018\/03\/WhatsApp-Image-2018-03-22-at-08.36.52.jpeg\" data-orig-size=\"1032,774\" data-comments-opened=\"0\" data-image-meta=\"{&quot;aperture&quot;:&quot;0&quot;,&quot;credit&quot;:&quot;&quot;,&quot;camera&quot;:&quot;&quot;,&quot;caption&quot;:&quot;&quot;,&quot;created_timestamp&quot;:&quot;0&quot;,&quot;copyright&quot;:&quot;&quot;,&quot;focal_length&quot;:&quot;0&quot;,&quot;iso&quot;:&quot;0&quot;,&quot;shutter_speed&quot;:&quot;0&quot;,&quot;title&quot;:&quot;&quot;,&quot;orientation&quot;:&quot;0&quot;,&quot;keywords&quot;:&quot;Array&quot;}\" data-image-title=\"WhatsApp Image 2018-03-22 at 08.36.52\" data-image-description=\"\" data-medium-file=\"https:\/\/gadbellavista.gob.ec\/manabi\/wp-content\/uploads\/2018\/03\/WhatsApp-Image-2018-03-22-at-08.36.52-550x413.jpeg\" data-large-file=\"https:\/\/gadbellavista.gob.ec\/manabi\/wp-content\/uploads\/2018\/03\/WhatsApp-Image-2018-03-22-at-08.36.52-1024x768.jpeg\" width=\"150\" height=\"150\" src=\"https:\/\/gadbellavista.gob.ec\/manabi\/wp-content\/uploads\/2018\/03\/WhatsApp-Image-2018-03-22-at-08.36.52-150x150.jpeg\" class=\"attachment-thumbnail size-thumbnail\" alt=\"\" srcset=\"https:\/\/gadbellavista.gob.ec\/manabi\/wp-content\/uploads\/2018\/03\/WhatsApp-Image-2018-03-22-at-08.36.52-150x150.jpeg 150w, https:\/\/gadbellavista.gob.ec\/manabi\/wp-content\/uploads\/2018\/03\/WhatsApp-Image-2018-03-22-at-08.36.52-180x180.jpeg 180w\" sizes=\"auto, (max-width: 150px) 100vw, 150px\" \/><\/a>\n\t\t\t<\/dt><\/dl><br style=\"clear: both\" \/><dl class='gallery-item'>\n\t\t\t<dt class='gallery-icon landscape'>\n\t\t\t\t<a href='https:\/\/gadbellavista.gob.ec\/manabi\/wp-content\/uploads\/2018\/03\/WhatsApp-Image-2018-03-22-at-08.36.53.jpeg'><img loading=\"lazy\" decoding=\"async\" data-attachment-id=\"597\" data-orig-file=\"https:\/\/gadbellavista.gob.ec\/manabi\/wp-content\/uploads\/2018\/03\/WhatsApp-Image-2018-03-22-at-08.36.53.jpeg\" data-orig-size=\"1032,774\" data-comments-opened=\"0\" data-image-meta=\"{&quot;aperture&quot;:&quot;0&quot;,&quot;credit&quot;:&quot;&quot;,&quot;camera&quot;:&quot;&quot;,&quot;caption&quot;:&quot;&quot;,&quot;created_timestamp&quot;:&quot;0&quot;,&quot;copyright&quot;:&quot;&quot;,&quot;focal_length&quot;:&quot;0&quot;,&quot;iso&quot;:&quot;0&quot;,&quot;shutter_speed&quot;:&quot;0&quot;,&quot;title&quot;:&quot;&quot;,&quot;orientation&quot;:&quot;0&quot;,&quot;keywords&quot;:&quot;Array&quot;}\" data-image-title=\"WhatsApp Image 2018-03-22 at 08.36.53\" data-image-description=\"\" data-medium-file=\"https:\/\/gadbellavista.gob.ec\/manabi\/wp-content\/uploads\/2018\/03\/WhatsApp-Image-2018-03-22-at-08.36.53-550x413.jpeg\" data-large-file=\"https:\/\/gadbellavista.gob.ec\/manabi\/wp-content\/uploads\/2018\/03\/WhatsApp-Image-2018-03-22-at-08.36.53-1024x768.jpeg\" width=\"150\" height=\"150\" src=\"https:\/\/gadbellavista.gob.ec\/manabi\/wp-content\/uploads\/2018\/03\/WhatsApp-Image-2018-03-22-at-08.36.53-150x150.jpeg\" class=\"attachment-thumbnail size-thumbnail\" alt=\"\" srcset=\"https:\/\/gadbellavista.gob.ec\/manabi\/wp-content\/uploads\/2018\/03\/WhatsApp-Image-2018-03-22-at-08.36.53-150x150.jpeg 150w, https:\/\/gadbellavista.gob.ec\/manabi\/wp-content\/uploads\/2018\/03\/WhatsApp-Image-2018-03-22-at-08.36.53-180x180.jpeg 180w\" sizes=\"auto, (max-width: 150px) 100vw, 150px\" \/><\/a>\n\t\t\t<\/dt><\/dl><dl class='gallery-item'>\n\t\t\t<dt class='gallery-icon landscape'>\n\t\t\t\t<a href='https:\/\/gadbellavista.gob.ec\/manabi\/wp-content\/uploads\/2018\/03\/WhatsApp-Image-2018-03-22-at-08.36.53-1.jpeg'><img loading=\"lazy\" decoding=\"async\" data-attachment-id=\"598\" data-orig-file=\"https:\/\/gadbellavista.gob.ec\/manabi\/wp-content\/uploads\/2018\/03\/WhatsApp-Image-2018-03-22-at-08.36.53-1.jpeg\" data-orig-size=\"1032,774\" data-comments-opened=\"0\" data-image-meta=\"{&quot;aperture&quot;:&quot;0&quot;,&quot;credit&quot;:&quot;&quot;,&quot;camera&quot;:&quot;&quot;,&quot;caption&quot;:&quot;&quot;,&quot;created_timestamp&quot;:&quot;0&quot;,&quot;copyright&quot;:&quot;&quot;,&quot;focal_length&quot;:&quot;0&quot;,&quot;iso&quot;:&quot;0&quot;,&quot;shutter_speed&quot;:&quot;0&quot;,&quot;title&quot;:&quot;&quot;,&quot;orientation&quot;:&quot;0&quot;,&quot;keywords&quot;:&quot;Array&quot;}\" data-image-title=\"WhatsApp Image 2018-03-22 at 08.36.53-1\" data-image-description=\"\" data-medium-file=\"https:\/\/gadbellavista.gob.ec\/manabi\/wp-content\/uploads\/2018\/03\/WhatsApp-Image-2018-03-22-at-08.36.53-1-550x413.jpeg\" data-large-file=\"https:\/\/gadbellavista.gob.ec\/manabi\/wp-content\/uploads\/2018\/03\/WhatsApp-Image-2018-03-22-at-08.36.53-1-1024x768.jpeg\" width=\"150\" height=\"150\" src=\"https:\/\/gadbellavista.gob.ec\/manabi\/wp-content\/uploads\/2018\/03\/WhatsApp-Image-2018-03-22-at-08.36.53-1-150x150.jpeg\" class=\"attachment-thumbnail size-thumbnail\" alt=\"\" srcset=\"https:\/\/gadbellavista.gob.ec\/manabi\/wp-content\/uploads\/2018\/03\/WhatsApp-Image-2018-03-22-at-08.36.53-1-150x150.jpeg 150w, https:\/\/gadbellavista.gob.ec\/manabi\/wp-content\/uploads\/2018\/03\/WhatsApp-Image-2018-03-22-at-08.36.53-1-180x180.jpeg 180w\" sizes=\"auto, (max-width: 150px) 100vw, 150px\" \/><\/a>\n\t\t\t<\/dt><\/dl><dl class='gallery-item'>\n\t\t\t<dt class='gallery-icon landscape'>\n\t\t\t\t<a href='https:\/\/gadbellavista.gob.ec\/manabi\/wp-content\/uploads\/2018\/03\/WhatsApp-Image-2018-03-22-at-08.36.54.jpeg'><img loading=\"lazy\" decoding=\"async\" data-attachment-id=\"599\" data-orig-file=\"https:\/\/gadbellavista.gob.ec\/manabi\/wp-content\/uploads\/2018\/03\/WhatsApp-Image-2018-03-22-at-08.36.54.jpeg\" data-orig-size=\"1032,774\" data-comments-opened=\"0\" data-image-meta=\"{&quot;aperture&quot;:&quot;0&quot;,&quot;credit&quot;:&quot;&quot;,&quot;camera&quot;:&quot;&quot;,&quot;caption&quot;:&quot;&quot;,&quot;created_timestamp&quot;:&quot;0&quot;,&quot;copyright&quot;:&quot;&quot;,&quot;focal_length&quot;:&quot;0&quot;,&quot;iso&quot;:&quot;0&quot;,&quot;shutter_speed&quot;:&quot;0&quot;,&quot;title&quot;:&quot;&quot;,&quot;orientation&quot;:&quot;0&quot;,&quot;keywords&quot;:&quot;Array&quot;}\" data-image-title=\"WhatsApp Image 2018-03-22 at 08.36.54\" data-image-description=\"\" data-medium-file=\"https:\/\/gadbellavista.gob.ec\/manabi\/wp-content\/uploads\/2018\/03\/WhatsApp-Image-2018-03-22-at-08.36.54-550x413.jpeg\" data-large-file=\"https:\/\/gadbellavista.gob.ec\/manabi\/wp-content\/uploads\/2018\/03\/WhatsApp-Image-2018-03-22-at-08.36.54-1024x768.jpeg\" width=\"150\" height=\"150\" src=\"https:\/\/gadbellavista.gob.ec\/manabi\/wp-content\/uploads\/2018\/03\/WhatsApp-Image-2018-03-22-at-08.36.54-150x150.jpeg\" class=\"attachment-thumbnail size-thumbnail\" alt=\"\" srcset=\"https:\/\/gadbellavista.gob.ec\/manabi\/wp-content\/uploads\/2018\/03\/WhatsApp-Image-2018-03-22-at-08.36.54-150x150.jpeg 150w, https:\/\/gadbellavista.gob.ec\/manabi\/wp-content\/uploads\/2018\/03\/WhatsApp-Image-2018-03-22-at-08.36.54-180x180.jpeg 180w\" sizes=\"auto, (max-width: 150px) 100vw, 150px\" \/><\/a>\n\t\t\t<\/dt><\/dl><br style=\"clear: both\" \/><dl class='gallery-item'>\n\t\t\t<dt class='gallery-icon landscape'>\n\t\t\t\t<a href='https:\/\/gadbellavista.gob.ec\/manabi\/wp-content\/uploads\/2018\/03\/WhatsApp-Image-2018-03-22-at-08.36.54-1.jpeg'><img loading=\"lazy\" decoding=\"async\" data-attachment-id=\"600\" data-orig-file=\"https:\/\/gadbellavista.gob.ec\/manabi\/wp-content\/uploads\/2018\/03\/WhatsApp-Image-2018-03-22-at-08.36.54-1.jpeg\" data-orig-size=\"1032,774\" data-comments-opened=\"0\" data-image-meta=\"{&quot;aperture&quot;:&quot;0&quot;,&quot;credit&quot;:&quot;&quot;,&quot;camera&quot;:&quot;&quot;,&quot;caption&quot;:&quot;&quot;,&quot;created_timestamp&quot;:&quot;0&quot;,&quot;copyright&quot;:&quot;&quot;,&quot;focal_length&quot;:&quot;0&quot;,&quot;iso&quot;:&quot;0&quot;,&quot;shutter_speed&quot;:&quot;0&quot;,&quot;title&quot;:&quot;&quot;,&quot;orientation&quot;:&quot;0&quot;,&quot;keywords&quot;:&quot;Array&quot;}\" data-image-title=\"WhatsApp Image 2018-03-22 at 08.36.54-1\" data-image-description=\"\" data-medium-file=\"https:\/\/gadbellavista.gob.ec\/manabi\/wp-content\/uploads\/2018\/03\/WhatsApp-Image-2018-03-22-at-08.36.54-1-550x413.jpeg\" data-large-file=\"https:\/\/gadbellavista.gob.ec\/manabi\/wp-content\/uploads\/2018\/03\/WhatsApp-Image-2018-03-22-at-08.36.54-1-1024x768.jpeg\" width=\"150\" height=\"150\" src=\"https:\/\/gadbellavista.gob.ec\/manabi\/wp-content\/uploads\/2018\/03\/WhatsApp-Image-2018-03-22-at-08.36.54-1-150x150.jpeg\" class=\"attachment-thumbnail size-thumbnail\" alt=\"\" srcset=\"https:\/\/gadbellavista.gob.ec\/manabi\/wp-content\/uploads\/2018\/03\/WhatsApp-Image-2018-03-22-at-08.36.54-1-150x150.jpeg 150w, https:\/\/gadbellavista.gob.ec\/manabi\/wp-content\/uploads\/2018\/03\/WhatsApp-Image-2018-03-22-at-08.36.54-1-180x180.jpeg 180w\" sizes=\"auto, (max-width: 150px) 100vw, 150px\" \/><\/a>\n\t\t\t<\/dt><\/dl>\n\t\t\t<br style='clear: both' \/>\n\t\t<\/div>\n\n","protected":false},"excerpt":{"rendered":"<p>informe defensoria del pueblo DOCUMENTO FINAL PDyOT BELLAVISTA y Matrix con Resoluciones (1) Reuni\u00f3n del concejo de planificaci\u00f3n local para el proceso de rendici\u00f3n de cuentas y alineaci\u00f3n del PDyOT al plan nacional Toda una Vida.<\/p>\n","protected":false},"author":8,"featured_media":0,"parent":0,"menu_order":0,"comment_status":"closed","ping_status":"closed","template":"","meta":{"footnotes":""},"yst_prominent_words":[],"class_list":["post-580","page","type-page","status-publish","hentry","post"],"_links":{"self":[{"href":"https:\/\/gadbellavista.gob.ec\/manabi\/wp-json\/wp\/v2\/pages\/580","targetHints":{"allow":["GET"]}}],"collection":[{"href":"https:\/\/gadbellavista.gob.ec\/manabi\/wp-json\/wp\/v2\/pages"}],"about":[{"href":"https:\/\/gadbellavista.gob.ec\/manabi\/wp-json\/wp\/v2\/types\/page"}],"author":[{"embeddable":true,"href":"https:\/\/gadbellavista.gob.ec\/manabi\/wp-json\/wp\/v2\/users\/8"}],"replies":[{"embeddable":true,"href":"https:\/\/gadbellavista.gob.ec\/manabi\/wp-json\/wp\/v2\/comments?post=580"}],"version-history":[{"count":5,"href":"https:\/\/gadbellavista.gob.ec\/manabi\/wp-json\/wp\/v2\/pages\/580\/revisions"}],"predecessor-version":[{"id":772,"href":"https:\/\/gadbellavista.gob.ec\/manabi\/wp-json\/wp\/v2\/pages\/580\/revisions\/772"}],"wp:attachment":[{"href":"https:\/\/gadbellavista.gob.ec\/manabi\/wp-json\/wp\/v2\/media?parent=580"}],"wp:term":[{"taxonomy":"yst_prominent_words","embeddable":true,"href":"https:\/\/gadbellavista.gob.ec\/manabi\/wp-json\/wp\/v2\/yst_prominent_words?post=580"}],"curies":[{"name":"wp","href":"https:\/\/api.w.org\/{rel}","templated":true}]}}